{"id":1863,"date":"2026-01-28T15:37:11","date_gmt":"2026-01-28T20:37:11","guid":{"rendered":"https:\/\/accionclimatica-alc.org\/omc\/password-reset\/"},"modified":"2026-04-07T14:38:28","modified_gmt":"2026-04-07T19:38:28","slug":"password-reset","status":"publish","type":"page","link":"https:\/\/accionclimatica-alc.org\/omc\/password-reset\/","title":{"rendered":"Restablecer la contrase\u00f1a"},"content":{"rendered":"\n<div class=\"wp-block-group alignfull has-terciary-background-color has-background is-layout-constrained wp-container-core-group-is-layout-4db6e962 wp-block-group-is-layout-constrained\" style=\"padding-top:var(--wp--preset--spacing--xl);padding-right:var(--wp--preset--spacing--s);padding-bottom:var(--wp--preset--spacing--xl);padding-left:var(--wp--preset--spacing--s)\">\n<figure class=\"wp-block-image aligncenter size-full is-resized\"><img fetchpriority=\"high\" decoding=\"async\" width=\"347\" height=\"379\" src=\"https:\/\/accionclimatica-alc.org\/omc\/wp-content\/uploads\/sites\/6\/2026\/01\/icono-cursos.png\" alt=\"\" class=\"wp-image-1907\" style=\"width:48px\" srcset=\"https:\/\/accionclimatica-alc.org\/omc\/wp-content\/uploads\/sites\/6\/2026\/01\/icono-cursos.png 347w, https:\/\/accionclimatica-alc.org\/omc\/wp-content\/uploads\/sites\/6\/2026\/01\/icono-cursos-275x300.png 275w, https:\/\/accionclimatica-alc.org\/omc\/wp-content\/uploads\/sites\/6\/2026\/01\/icono-cursos-92x100.png 92w\" sizes=\"(max-width: 347px) 100vw, 347px\" \/><\/figure>\n\n\n\n<h1 class=\"wp-block-heading has-text-align-center has-white-color has-text-color has-link-color wp-elements-b46fee6a34028f1af5f5896a46d94fdb\">Restablecer contrase\u00f1a<\/h1>\n<\/div>\n\n\n\n<div class=\"wp-block-group alignfull has-background-background-color has-background is-layout-constrained wp-container-core-group-is-layout-3be27232 wp-block-group-is-layout-constrained\" style=\"margin-top:0;margin-bottom:0;padding-top:var(--wp--preset--spacing--3-xl);padding-right:var(--wp--preset--spacing--s);padding-bottom:var(--wp--preset--spacing--3-xl);padding-left:var(--wp--preset--spacing--s)\"><div class=\"um um-password um-um_password_id\">\n\t<div class=\"um-form\">\n\t\t<form method=\"post\" action=\"\">\n\t\t\t\n\t\t\t\t<input type=\"hidden\" name=\"_um_password_reset\" id=\"_um_password_reset\" value=\"1\" \/>\n\n\t\t\t\t\t\t\t\t\t<div class=\"um-field um-field-block um-field-type_block\">\n\t\t\t\t\t\t<div class=\"um-field-block\">\n\t\t\t\t\t\t\t<div style=\"text-align:center;\">\n\t\t\t\t\t\t\t\tPara restablecer tu contrase\u00f1a, por favor, introduce a continuaci\u00f3n tu direcci\u00f3n de correo electr\u00f3nico o nombre de usuario.\t\t\t\t\t\t\t<\/div>\n\t\t\t\t\t\t<\/div>\n\t\t\t\t\t<\/div>\n\t\t\t\t\t<div  id=\"um_field_0_username_b\" class=\"um-field um-field-text  um-field-username_b um-field-text um-field-type_text\" data-key=\"username_b\"><div class=\"um-field-area\"><input  autocomplete=\"off\" class=\"um-form-field valid \" type=\"text\" name=\"username_b\" id=\"username_b\" value=\"\" placeholder=\"Introduce tu nombre de usuario o correo electr\u00f3nico\" data-validate=\"\" data-key=\"username_b\"  aria-invalid=\"false\" \/>\n\n\t\t\t\t\t\t<\/div><\/div>\t\t\t\t<div class=\"um-col-alt um-col-alt-b\">\n\t\t\t\t\t<div class=\"um-center\">\n\t\t\t\t\t\t<input type=\"submit\" value=\"Restablecer contrase\u00f1a\" class=\"um-button\" id=\"um-submit-btn\" \/>\n\t\t\t\t\t<\/div>\n\t\t\t\t\t<div class=\"um-clear\"><\/div>\n\t\t\t\t<\/div>\n\t\t\t\t\t<input type=\"hidden\" name=\"form_id\" id=\"form_id_um_password_id\" value=\"um_password_id\" \/>\n\t\t<p class=\"um_request_name\">\n\t\t<label for=\"um_request_um_password_id\">Only fill in if you are not human<\/label>\n\t\t<input type=\"hidden\" name=\"um_request\" id=\"um_request_um_password_id\" class=\"input\" value=\"\" size=\"25\" autocomplete=\"off\" \/>\n\t<\/p>\n\t\t\t<\/form>\n\t<\/div>\n<\/div>\n<style>\n\t\t\t.um-um_password_id.um {\n\t\t\tmax-width: 450px;\n\t\t}\n\t\t<\/style>\n\n<\/div>\n","protected":false},"excerpt":{"rendered":"<p>Restablecer contrase\u00f1a<\/p>\n","protected":false},"author":1,"featured_media":0,"parent":0,"menu_order":0,"comment_status":"closed","ping_status":"closed","template":"","meta":{"_acf_changed":false,"footnotes":"","css_class_manager_body_classes":"","css_class_manager_use_in_post_loop":false},"class_list":["post-1863","page","type-page","status-publish","hentry"],"acf":[],"yoast_head":"<!-- This site is optimized with the Yoast SEO plugin v27.3 - https:\/\/yoast.com\/product\/yoast-seo-wordpress\/ -->\n<title>Restablecer la contrase\u00f1a - De Cero a Experto<\/title>\n<meta name=\"robots\" content=\"index, follow, max-snippet:-1, max-image-preview:large, max-video-preview:-1\" \/>\n<link rel=\"canonical\" href=\"https:\/\/accionclimatica-alc.org\/omc\/password-reset\/\" \/>\n<meta property=\"og:locale\" content=\"es_ES\" \/>\n<meta property=\"og:type\" content=\"article\" \/>\n<meta property=\"og:title\" content=\"Restablecer la contrase\u00f1a - De Cero a Experto\" \/>\n<meta property=\"og:description\" content=\"Restablecer contrase\u00f1a\" \/>\n<meta property=\"og:url\" content=\"https:\/\/accionclimatica-alc.org\/omc\/password-reset\/\" \/>\n<meta property=\"og:site_name\" content=\"De Cero a Experto\" \/>\n<meta property=\"article:modified_time\" content=\"2026-04-07T19:38:28+00:00\" \/>\n<meta property=\"og:image\" content=\"https:\/\/accionclimatica-alc.org\/omc\/wp-content\/uploads\/sites\/6\/2026\/01\/icono-cursos.png\" \/>\n\t<meta property=\"og:image:width\" content=\"347\" \/>\n\t<meta property=\"og:image:height\" content=\"379\" \/>\n\t<meta property=\"og:image:type\" content=\"image\/png\" \/>\n<meta name=\"twitter:card\" content=\"summary_large_image\" \/>\n<meta name=\"twitter:label1\" content=\"Tiempo de lectura\" \/>\n\t<meta name=\"twitter:data1\" content=\"1 minuto\" \/>\n<script type=\"application\/ld+json\" class=\"yoast-schema-graph\">{\"@context\":\"https:\\\/\\\/schema.org\",\"@graph\":[{\"@type\":\"WebPage\",\"@id\":\"https:\\\/\\\/accionclimatica-alc.org\\\/omc\\\/password-reset\\\/\",\"url\":\"https:\\\/\\\/accionclimatica-alc.org\\\/omc\\\/password-reset\\\/\",\"name\":\"Restablecer la contrase\u00f1a - De Cero a Experto\",\"isPartOf\":{\"@id\":\"https:\\\/\\\/accionclimatica-alc.org\\\/omc\\\/#website\"},\"primaryImageOfPage\":{\"@id\":\"https:\\\/\\\/accionclimatica-alc.org\\\/omc\\\/password-reset\\\/#primaryimage\"},\"image\":{\"@id\":\"https:\\\/\\\/accionclimatica-alc.org\\\/omc\\\/password-reset\\\/#primaryimage\"},\"thumbnailUrl\":\"https:\\\/\\\/accionclimatica-alc.org\\\/omc\\\/wp-content\\\/uploads\\\/sites\\\/6\\\/2026\\\/01\\\/icono-cursos.png\",\"datePublished\":\"2026-01-28T20:37:11+00:00\",\"dateModified\":\"2026-04-07T19:38:28+00:00\",\"breadcrumb\":{\"@id\":\"https:\\\/\\\/accionclimatica-alc.org\\\/omc\\\/password-reset\\\/#breadcrumb\"},\"inLanguage\":\"es\",\"potentialAction\":[{\"@type\":\"ReadAction\",\"target\":[\"https:\\\/\\\/accionclimatica-alc.org\\\/omc\\\/password-reset\\\/\"]}]},{\"@type\":\"ImageObject\",\"inLanguage\":\"es\",\"@id\":\"https:\\\/\\\/accionclimatica-alc.org\\\/omc\\\/password-reset\\\/#primaryimage\",\"url\":\"https:\\\/\\\/accionclimatica-alc.org\\\/omc\\\/wp-content\\\/uploads\\\/sites\\\/6\\\/2026\\\/01\\\/icono-cursos.png\",\"contentUrl\":\"https:\\\/\\\/accionclimatica-alc.org\\\/omc\\\/wp-content\\\/uploads\\\/sites\\\/6\\\/2026\\\/01\\\/icono-cursos.png\",\"width\":347,\"height\":379},{\"@type\":\"BreadcrumbList\",\"@id\":\"https:\\\/\\\/accionclimatica-alc.org\\\/omc\\\/password-reset\\\/#breadcrumb\",\"itemListElement\":[{\"@type\":\"ListItem\",\"position\":1,\"name\":\"Portada\",\"item\":\"https:\\\/\\\/accionclimatica-alc.org\\\/omc\\\/\"},{\"@type\":\"ListItem\",\"position\":2,\"name\":\"Restablecer la contrase\u00f1a\"}]},{\"@type\":\"WebSite\",\"@id\":\"https:\\\/\\\/accionclimatica-alc.org\\\/omc\\\/#website\",\"url\":\"https:\\\/\\\/accionclimatica-alc.org\\\/omc\\\/\",\"name\":\"Observatorio de Mercados de Carbono\",\"description\":\"Observatorio regional para aumentar la transparencia y la integridad social y ambiental de los mercados de carbono por medio de la informaci\u00f3n confiable y el intercambio entre los actores relevantes a la tem\u00e1tica en la regi\u00f3n.\",\"publisher\":{\"@id\":\"https:\\\/\\\/accionclimatica-alc.org\\\/omc\\\/#organization\"},\"potentialAction\":[{\"@type\":\"SearchAction\",\"target\":{\"@type\":\"EntryPoint\",\"urlTemplate\":\"https:\\\/\\\/accionclimatica-alc.org\\\/omc\\\/?s={search_term_string}\"},\"query-input\":{\"@type\":\"PropertyValueSpecification\",\"valueRequired\":true,\"valueName\":\"search_term_string\"}}],\"inLanguage\":\"es\"},{\"@type\":\"Organization\",\"@id\":\"https:\\\/\\\/accionclimatica-alc.org\\\/omc\\\/#organization\",\"name\":\"Observatorio de Mercados de Carbono\",\"url\":\"https:\\\/\\\/accionclimatica-alc.org\\\/omc\\\/\",\"logo\":{\"@type\":\"ImageObject\",\"inLanguage\":\"es\",\"@id\":\"https:\\\/\\\/accionclimatica-alc.org\\\/omc\\\/#\\\/schema\\\/logo\\\/image\\\/\",\"url\":\"https:\\\/\\\/accionclimatica-alc.org\\\/omc\\\/wp-content\\\/uploads\\\/sites\\\/6\\\/2025\\\/02\\\/logo-omc.svg\",\"contentUrl\":\"https:\\\/\\\/accionclimatica-alc.org\\\/omc\\\/wp-content\\\/uploads\\\/sites\\\/6\\\/2025\\\/02\\\/logo-omc.svg\",\"width\":1627,\"height\":613,\"caption\":\"Observatorio de Mercados de Carbono\"},\"image\":{\"@id\":\"https:\\\/\\\/accionclimatica-alc.org\\\/omc\\\/#\\\/schema\\\/logo\\\/image\\\/\"}}]}<\/script>\n<!-- \/ Yoast SEO plugin. -->","yoast_head_json":{"title":"Restablecer la contrase\u00f1a - De Cero a Experto","robots":{"index":"index","follow":"follow","max-snippet":"max-snippet:-1","max-image-preview":"max-image-preview:large","max-video-preview":"max-video-preview:-1"},"canonical":"https:\/\/accionclimatica-alc.org\/omc\/password-reset\/","og_locale":"es_ES","og_type":"article","og_title":"Restablecer la contrase\u00f1a - De Cero a Experto","og_description":"Restablecer contrase\u00f1a","og_url":"https:\/\/accionclimatica-alc.org\/omc\/password-reset\/","og_site_name":"De Cero a Experto","article_modified_time":"2026-04-07T19:38:28+00:00","og_image":[{"width":347,"height":379,"url":"https:\/\/accionclimatica-alc.org\/omc\/wp-content\/uploads\/sites\/6\/2026\/01\/icono-cursos.png","type":"image\/png"}],"twitter_card":"summary_large_image","twitter_misc":{"Tiempo de lectura":"1 minuto"},"schema":{"@context":"https:\/\/schema.org","@graph":[{"@type":"WebPage","@id":"https:\/\/accionclimatica-alc.org\/omc\/password-reset\/","url":"https:\/\/accionclimatica-alc.org\/omc\/password-reset\/","name":"Restablecer la contrase\u00f1a - De Cero a Experto","isPartOf":{"@id":"https:\/\/accionclimatica-alc.org\/omc\/#website"},"primaryImageOfPage":{"@id":"https:\/\/accionclimatica-alc.org\/omc\/password-reset\/#primaryimage"},"image":{"@id":"https:\/\/accionclimatica-alc.org\/omc\/password-reset\/#primaryimage"},"thumbnailUrl":"https:\/\/accionclimatica-alc.org\/omc\/wp-content\/uploads\/sites\/6\/2026\/01\/icono-cursos.png","datePublished":"2026-01-28T20:37:11+00:00","dateModified":"2026-04-07T19:38:28+00:00","breadcrumb":{"@id":"https:\/\/accionclimatica-alc.org\/omc\/password-reset\/#breadcrumb"},"inLanguage":"es","potentialAction":[{"@type":"ReadAction","target":["https:\/\/accionclimatica-alc.org\/omc\/password-reset\/"]}]},{"@type":"ImageObject","inLanguage":"es","@id":"https:\/\/accionclimatica-alc.org\/omc\/password-reset\/#primaryimage","url":"https:\/\/accionclimatica-alc.org\/omc\/wp-content\/uploads\/sites\/6\/2026\/01\/icono-cursos.png","contentUrl":"https:\/\/accionclimatica-alc.org\/omc\/wp-content\/uploads\/sites\/6\/2026\/01\/icono-cursos.png","width":347,"height":379},{"@type":"BreadcrumbList","@id":"https:\/\/accionclimatica-alc.org\/omc\/password-reset\/#breadcrumb","itemListElement":[{"@type":"ListItem","position":1,"name":"Portada","item":"https:\/\/accionclimatica-alc.org\/omc\/"},{"@type":"ListItem","position":2,"name":"Restablecer la contrase\u00f1a"}]},{"@type":"WebSite","@id":"https:\/\/accionclimatica-alc.org\/omc\/#website","url":"https:\/\/accionclimatica-alc.org\/omc\/","name":"Observatorio de Mercados de Carbono","description":"Observatorio regional para aumentar la transparencia y la integridad social y ambiental de los mercados de carbono por medio de la informaci\u00f3n confiable y el intercambio entre los actores relevantes a la tem\u00e1tica en la regi\u00f3n.","publisher":{"@id":"https:\/\/accionclimatica-alc.org\/omc\/#organization"},"potentialAction":[{"@type":"SearchAction","target":{"@type":"EntryPoint","urlTemplate":"https:\/\/accionclimatica-alc.org\/omc\/?s={search_term_string}"},"query-input":{"@type":"PropertyValueSpecification","valueRequired":true,"valueName":"search_term_string"}}],"inLanguage":"es"},{"@type":"Organization","@id":"https:\/\/accionclimatica-alc.org\/omc\/#organization","name":"Observatorio de Mercados de Carbono","url":"https:\/\/accionclimatica-alc.org\/omc\/","logo":{"@type":"ImageObject","inLanguage":"es","@id":"https:\/\/accionclimatica-alc.org\/omc\/#\/schema\/logo\/image\/","url":"https:\/\/accionclimatica-alc.org\/omc\/wp-content\/uploads\/sites\/6\/2025\/02\/logo-omc.svg","contentUrl":"https:\/\/accionclimatica-alc.org\/omc\/wp-content\/uploads\/sites\/6\/2025\/02\/logo-omc.svg","width":1627,"height":613,"caption":"Observatorio de Mercados de Carbono"},"image":{"@id":"https:\/\/accionclimatica-alc.org\/omc\/#\/schema\/logo\/image\/"}}]}},"_links":{"self":[{"href":"https:\/\/accionclimatica-alc.org\/omc\/wp-json\/wp\/v2\/pages\/1863","targetHints":{"allow":["GET"]}}],"collection":[{"href":"https:\/\/accionclimatica-alc.org\/omc\/wp-json\/wp\/v2\/pages"}],"about":[{"href":"https:\/\/accionclimatica-alc.org\/omc\/wp-json\/wp\/v2\/types\/page"}],"author":[{"embeddable":true,"href":"https:\/\/accionclimatica-alc.org\/omc\/wp-json\/wp\/v2\/users\/1"}],"replies":[{"embeddable":true,"href":"https:\/\/accionclimatica-alc.org\/omc\/wp-json\/wp\/v2\/comments?post=1863"}],"version-history":[{"count":3,"href":"https:\/\/accionclimatica-alc.org\/omc\/wp-json\/wp\/v2\/pages\/1863\/revisions"}],"predecessor-version":[{"id":2615,"href":"https:\/\/accionclimatica-alc.org\/omc\/wp-json\/wp\/v2\/pages\/1863\/revisions\/2615"}],"wp:attachment":[{"href":"https:\/\/accionclimatica-alc.org\/omc\/wp-json\/wp\/v2\/media?parent=1863"}],"curies":[{"name":"wp","href":"https:\/\/api.w.org\/{rel}","templated":true}]}}