{"id":1858,"date":"2026-01-28T15:37:11","date_gmt":"2026-01-28T20:37:11","guid":{"rendered":"https:\/\/accionclimatica-alc.org\/omc\/login\/"},"modified":"2026-04-07T13:10:06","modified_gmt":"2026-04-07T18:10:06","slug":"login","status":"publish","type":"page","link":"https:\/\/accionclimatica-alc.org\/omc\/login\/","title":{"rendered":"Iniciar sesi\u00f3n"},"content":{"rendered":"\n<div class=\"wp-block-group alignfull has-terciary-background-color has-background is-layout-constrained wp-container-core-group-is-layout-4db6e962 wp-block-group-is-layout-constrained\" style=\"padding-top:var(--wp--preset--spacing--xl);padding-right:var(--wp--preset--spacing--s);padding-bottom:var(--wp--preset--spacing--xl);padding-left:var(--wp--preset--spacing--s)\">\n<figure class=\"wp-block-image aligncenter size-full is-resized\"><img fetchpriority=\"high\" decoding=\"async\" width=\"347\" height=\"379\" src=\"https:\/\/accionclimatica-alc.org\/omc\/wp-content\/uploads\/sites\/6\/2026\/01\/icono-cursos.png\" alt=\"\" class=\"wp-image-1907\" style=\"width:48px\" srcset=\"https:\/\/accionclimatica-alc.org\/omc\/wp-content\/uploads\/sites\/6\/2026\/01\/icono-cursos.png 347w, https:\/\/accionclimatica-alc.org\/omc\/wp-content\/uploads\/sites\/6\/2026\/01\/icono-cursos-275x300.png 275w, https:\/\/accionclimatica-alc.org\/omc\/wp-content\/uploads\/sites\/6\/2026\/01\/icono-cursos-92x100.png 92w\" sizes=\"(max-width: 347px) 100vw, 347px\" \/><\/figure>\n\n\n\n<h1 class=\"wp-block-heading has-text-align-center has-white-color has-text-color has-link-color wp-elements-6b941777e9314e465e77b04794f47912\">Iniciar sesi\u00f3n<\/h1>\n<\/div>\n\n\n\n<div class=\"wp-block-group alignfull has-background-background-color has-background is-layout-constrained wp-container-core-group-is-layout-5d15d363 wp-block-group-is-layout-constrained\" style=\"margin-top:0;margin-bottom:0;padding-top:var(--wp--preset--spacing--xl);padding-right:var(--wp--preset--spacing--s);padding-bottom:var(--wp--preset--spacing--xl);padding-left:var(--wp--preset--spacing--s)\">\n<div class=\"um um-login um-1854\">\n\t<div class=\"um-form\">\n\t\t<form method=\"post\" action=\"\" autocomplete=\"off\">\n\t\t\t<div class=\"um-row _um_row_1 \" style=\"margin: 0 0 30px 0;\"><div class=\"um-col-1\"><div  id=\"um_field_1854_username\" class=\"um-field um-field-text  um-field-username um-field-text um-field-type_text\" data-key=\"username\"><div class=\"um-field-label\"><label for=\"username-1854\">Correo electr\u00f3nico:<span class=\"um-req\" title=\"Obligatorio\">*<\/span><\/label><div class=\"um-clear\"><\/div><\/div><div class=\"um-field-area\"><input  autocomplete=\"off\" class=\"um-form-field valid \" type=\"text\" name=\"username-1854\" id=\"username-1854\" value=\"\" placeholder=\"\" data-validate=\"\" data-key=\"username\"  aria-invalid=\"false\" \/>\n\n\t\t\t\t\t\t<\/div><\/div><div  id=\"um_field_1854_user_password\" class=\"um-field um-field-password  um-field-user_password um-field-password um-field-type_password\" data-key=\"user_password\"><div class=\"um-field-label\"><label for=\"user_password-1854\">Contrase\u00f1a<span class=\"um-req\" title=\"Obligatorio\">*<\/span><\/label><div class=\"um-clear\"><\/div><\/div><div class=\"um-field-area\"><div class=\"um-field-area-password\">\n\t\t\t\t\t\t\t\t\t<input class=\"um-form-field valid \" type=\"password\" name=\"user_password-1854\" id=\"user_password-1854\" value=\"\" placeholder=\"\" data-validate=\"\" data-key=\"user_password\"  aria-invalid=\"false\" \/>\n\t\t\t\t\t\t\t\t\t<span class=\"um-toggle-password\"><i class=\"um-icon-eye\"><\/i><\/span>\n\t\t\t\t\t\t\t\t<\/div>\n\t\t\t\t\t\t\t<\/div><\/div><\/div><\/div>\t<input type=\"hidden\" name=\"form_id\" id=\"form_id_1854\" value=\"1854\" \/>\n\t\t<p class=\"um_request_name\">\n\t\t<label for=\"um_request_1854\">Only fill in if you are not human<\/label>\n\t\t<input type=\"hidden\" name=\"um_request\" id=\"um_request_1854\" class=\"input\" value=\"\" size=\"25\" autocomplete=\"off\" \/>\n\t<\/p>\n\t<input type=\"hidden\" id=\"_wpnonce\" name=\"_wpnonce\" value=\"c98fce646a\" \/><input type=\"hidden\" name=\"_wp_http_referer\" value=\"\/omc\/wp-json\/wp\/v2\/pages\/1858\" \/>\n\t<div class=\"um-col-alt\">\n\n\t\t\n\n\t\t\t<div class=\"um-field um-field-c\">\n\t\t\t\t<div class=\"um-field-area\">\n\t\t\t\t\t<label class=\"um-field-checkbox\">\n\t\t\t\t\t\t<input type=\"checkbox\" name=\"rememberme\" value=\"1\"  \/>\n\t\t\t\t\t\t<span class=\"um-field-checkbox-state\"><i class=\"um-icon-android-checkbox-outline-blank\"><\/i><\/span>\n\t\t\t\t\t\t<span class=\"um-field-checkbox-option\"> Mantenerme conectado<\/span>\n\t\t\t\t\t<\/label>\n\t\t\t\t<\/div>\n\t\t\t<\/div>\n\n\t\t\t\t\t\t<div class=\"um-clear\"><\/div>\n\t\t\n\t\t\t<div class=\"um-center\">\n\t\t\t\t<input type=\"submit\" value=\"Iniciar sesi\u00f3n\" class=\"um-button\" id=\"um-submit-btn\" \/>\n\t\t\t<\/div>\n\n\t\t\n\t\t<div class=\"um-clear\"><\/div>\n\n\t<\/div>\n\n\t\n\t<div class=\"um-col-alt-b\">\n\t\t<a href=\"https:\/\/accionclimatica-alc.org\/omc\/password-reset\/\" class=\"um-link-alt\">\n\t\t\t\u00bfHas olvidado tu contrase\u00f1a?\t\t<\/a>\n\t<\/div>\n\n\t\t\t<\/form>\n\t<\/div>\n<\/div>\n<style>\n\t\t\t.um-1854.um {\n\t\t\tmax-width: 450px;\n\t\t}\n\t\t<\/style>\n\n<\/div>\n","protected":false},"excerpt":{"rendered":"<p>Iniciar sesi\u00f3n<\/p>\n","protected":false},"author":1,"featured_media":0,"parent":0,"menu_order":0,"comment_status":"closed","ping_status":"closed","template":"","meta":{"_acf_changed":false,"footnotes":"","css_class_manager_body_classes":"","css_class_manager_use_in_post_loop":false},"class_list":["post-1858","page","type-page","status-publish","hentry"],"acf":[],"yoast_head":"<!-- This site is optimized with the Yoast SEO plugin v27.3 - https:\/\/yoast.com\/product\/yoast-seo-wordpress\/ -->\n<title>Iniciar sesi\u00f3n - De Cero a Experto<\/title>\n<meta name=\"robots\" content=\"index, follow, max-snippet:-1, max-image-preview:large, max-video-preview:-1\" \/>\n<link rel=\"canonical\" href=\"https:\/\/accionclimatica-alc.org\/omc\/login\/\" \/>\n<meta property=\"og:locale\" content=\"es_ES\" \/>\n<meta property=\"og:type\" content=\"article\" \/>\n<meta property=\"og:title\" content=\"Iniciar sesi\u00f3n - De Cero a Experto\" \/>\n<meta property=\"og:description\" content=\"Iniciar sesi\u00f3n\" \/>\n<meta property=\"og:url\" content=\"https:\/\/accionclimatica-alc.org\/omc\/login\/\" \/>\n<meta property=\"og:site_name\" content=\"De Cero a Experto\" \/>\n<meta property=\"article:modified_time\" content=\"2026-04-07T18:10:06+00:00\" \/>\n<meta property=\"og:image\" content=\"https:\/\/accionclimatica-alc.org\/omc\/wp-content\/uploads\/sites\/6\/2026\/01\/icono-cursos.png\" \/>\n\t<meta property=\"og:image:width\" content=\"347\" \/>\n\t<meta property=\"og:image:height\" content=\"379\" \/>\n\t<meta property=\"og:image:type\" content=\"image\/png\" \/>\n<meta name=\"twitter:card\" content=\"summary_large_image\" \/>\n<meta name=\"twitter:label1\" content=\"Tiempo de lectura\" \/>\n\t<meta name=\"twitter:data1\" content=\"1 minuto\" \/>\n<script type=\"application\/ld+json\" class=\"yoast-schema-graph\">{\"@context\":\"https:\\\/\\\/schema.org\",\"@graph\":[{\"@type\":\"WebPage\",\"@id\":\"https:\\\/\\\/accionclimatica-alc.org\\\/omc\\\/login\\\/\",\"url\":\"https:\\\/\\\/accionclimatica-alc.org\\\/omc\\\/login\\\/\",\"name\":\"Iniciar sesi\u00f3n - De Cero a Experto\",\"isPartOf\":{\"@id\":\"https:\\\/\\\/accionclimatica-alc.org\\\/omc\\\/#website\"},\"primaryImageOfPage\":{\"@id\":\"https:\\\/\\\/accionclimatica-alc.org\\\/omc\\\/login\\\/#primaryimage\"},\"image\":{\"@id\":\"https:\\\/\\\/accionclimatica-alc.org\\\/omc\\\/login\\\/#primaryimage\"},\"thumbnailUrl\":\"https:\\\/\\\/accionclimatica-alc.org\\\/omc\\\/wp-content\\\/uploads\\\/sites\\\/6\\\/2026\\\/01\\\/icono-cursos.png\",\"datePublished\":\"2026-01-28T20:37:11+00:00\",\"dateModified\":\"2026-04-07T18:10:06+00:00\",\"breadcrumb\":{\"@id\":\"https:\\\/\\\/accionclimatica-alc.org\\\/omc\\\/login\\\/#breadcrumb\"},\"inLanguage\":\"es\",\"potentialAction\":[{\"@type\":\"ReadAction\",\"target\":[\"https:\\\/\\\/accionclimatica-alc.org\\\/omc\\\/login\\\/\"]}]},{\"@type\":\"ImageObject\",\"inLanguage\":\"es\",\"@id\":\"https:\\\/\\\/accionclimatica-alc.org\\\/omc\\\/login\\\/#primaryimage\",\"url\":\"https:\\\/\\\/accionclimatica-alc.org\\\/omc\\\/wp-content\\\/uploads\\\/sites\\\/6\\\/2026\\\/01\\\/icono-cursos.png\",\"contentUrl\":\"https:\\\/\\\/accionclimatica-alc.org\\\/omc\\\/wp-content\\\/uploads\\\/sites\\\/6\\\/2026\\\/01\\\/icono-cursos.png\",\"width\":347,\"height\":379},{\"@type\":\"BreadcrumbList\",\"@id\":\"https:\\\/\\\/accionclimatica-alc.org\\\/omc\\\/login\\\/#breadcrumb\",\"itemListElement\":[{\"@type\":\"ListItem\",\"position\":1,\"name\":\"Portada\",\"item\":\"https:\\\/\\\/accionclimatica-alc.org\\\/omc\\\/\"},{\"@type\":\"ListItem\",\"position\":2,\"name\":\"Iniciar sesi\u00f3n\"}]},{\"@type\":\"WebSite\",\"@id\":\"https:\\\/\\\/accionclimatica-alc.org\\\/omc\\\/#website\",\"url\":\"https:\\\/\\\/accionclimatica-alc.org\\\/omc\\\/\",\"name\":\"Observatorio de Mercados de Carbono\",\"description\":\"Observatorio regional para aumentar la transparencia y la integridad social y ambiental de los mercados de carbono por medio de la informaci\u00f3n confiable y el intercambio entre los actores relevantes a la tem\u00e1tica en la regi\u00f3n.\",\"publisher\":{\"@id\":\"https:\\\/\\\/accionclimatica-alc.org\\\/omc\\\/#organization\"},\"potentialAction\":[{\"@type\":\"SearchAction\",\"target\":{\"@type\":\"EntryPoint\",\"urlTemplate\":\"https:\\\/\\\/accionclimatica-alc.org\\\/omc\\\/?s={search_term_string}\"},\"query-input\":{\"@type\":\"PropertyValueSpecification\",\"valueRequired\":true,\"valueName\":\"search_term_string\"}}],\"inLanguage\":\"es\"},{\"@type\":\"Organization\",\"@id\":\"https:\\\/\\\/accionclimatica-alc.org\\\/omc\\\/#organization\",\"name\":\"Observatorio de Mercados de Carbono\",\"url\":\"https:\\\/\\\/accionclimatica-alc.org\\\/omc\\\/\",\"logo\":{\"@type\":\"ImageObject\",\"inLanguage\":\"es\",\"@id\":\"https:\\\/\\\/accionclimatica-alc.org\\\/omc\\\/#\\\/schema\\\/logo\\\/image\\\/\",\"url\":\"https:\\\/\\\/accionclimatica-alc.org\\\/omc\\\/wp-content\\\/uploads\\\/sites\\\/6\\\/2025\\\/02\\\/logo-omc.svg\",\"contentUrl\":\"https:\\\/\\\/accionclimatica-alc.org\\\/omc\\\/wp-content\\\/uploads\\\/sites\\\/6\\\/2025\\\/02\\\/logo-omc.svg\",\"width\":1627,\"height\":613,\"caption\":\"Observatorio de Mercados de Carbono\"},\"image\":{\"@id\":\"https:\\\/\\\/accionclimatica-alc.org\\\/omc\\\/#\\\/schema\\\/logo\\\/image\\\/\"}}]}<\/script>\n<!-- \/ Yoast SEO plugin. -->","yoast_head_json":{"title":"Iniciar sesi\u00f3n - De Cero a Experto","robots":{"index":"index","follow":"follow","max-snippet":"max-snippet:-1","max-image-preview":"max-image-preview:large","max-video-preview":"max-video-preview:-1"},"canonical":"https:\/\/accionclimatica-alc.org\/omc\/login\/","og_locale":"es_ES","og_type":"article","og_title":"Iniciar sesi\u00f3n - De Cero a Experto","og_description":"Iniciar sesi\u00f3n","og_url":"https:\/\/accionclimatica-alc.org\/omc\/login\/","og_site_name":"De Cero a Experto","article_modified_time":"2026-04-07T18:10:06+00:00","og_image":[{"width":347,"height":379,"url":"https:\/\/accionclimatica-alc.org\/omc\/wp-content\/uploads\/sites\/6\/2026\/01\/icono-cursos.png","type":"image\/png"}],"twitter_card":"summary_large_image","twitter_misc":{"Tiempo de lectura":"1 minuto"},"schema":{"@context":"https:\/\/schema.org","@graph":[{"@type":"WebPage","@id":"https:\/\/accionclimatica-alc.org\/omc\/login\/","url":"https:\/\/accionclimatica-alc.org\/omc\/login\/","name":"Iniciar sesi\u00f3n - De Cero a Experto","isPartOf":{"@id":"https:\/\/accionclimatica-alc.org\/omc\/#website"},"primaryImageOfPage":{"@id":"https:\/\/accionclimatica-alc.org\/omc\/login\/#primaryimage"},"image":{"@id":"https:\/\/accionclimatica-alc.org\/omc\/login\/#primaryimage"},"thumbnailUrl":"https:\/\/accionclimatica-alc.org\/omc\/wp-content\/uploads\/sites\/6\/2026\/01\/icono-cursos.png","datePublished":"2026-01-28T20:37:11+00:00","dateModified":"2026-04-07T18:10:06+00:00","breadcrumb":{"@id":"https:\/\/accionclimatica-alc.org\/omc\/login\/#breadcrumb"},"inLanguage":"es","potentialAction":[{"@type":"ReadAction","target":["https:\/\/accionclimatica-alc.org\/omc\/login\/"]}]},{"@type":"ImageObject","inLanguage":"es","@id":"https:\/\/accionclimatica-alc.org\/omc\/login\/#primaryimage","url":"https:\/\/accionclimatica-alc.org\/omc\/wp-content\/uploads\/sites\/6\/2026\/01\/icono-cursos.png","contentUrl":"https:\/\/accionclimatica-alc.org\/omc\/wp-content\/uploads\/sites\/6\/2026\/01\/icono-cursos.png","width":347,"height":379},{"@type":"BreadcrumbList","@id":"https:\/\/accionclimatica-alc.org\/omc\/login\/#breadcrumb","itemListElement":[{"@type":"ListItem","position":1,"name":"Portada","item":"https:\/\/accionclimatica-alc.org\/omc\/"},{"@type":"ListItem","position":2,"name":"Iniciar sesi\u00f3n"}]},{"@type":"WebSite","@id":"https:\/\/accionclimatica-alc.org\/omc\/#website","url":"https:\/\/accionclimatica-alc.org\/omc\/","name":"Observatorio de Mercados de Carbono","description":"Observatorio regional para aumentar la transparencia y la integridad social y ambiental de los mercados de carbono por medio de la informaci\u00f3n confiable y el intercambio entre los actores relevantes a la tem\u00e1tica en la regi\u00f3n.","publisher":{"@id":"https:\/\/accionclimatica-alc.org\/omc\/#organization"},"potentialAction":[{"@type":"SearchAction","target":{"@type":"EntryPoint","urlTemplate":"https:\/\/accionclimatica-alc.org\/omc\/?s={search_term_string}"},"query-input":{"@type":"PropertyValueSpecification","valueRequired":true,"valueName":"search_term_string"}}],"inLanguage":"es"},{"@type":"Organization","@id":"https:\/\/accionclimatica-alc.org\/omc\/#organization","name":"Observatorio de Mercados de Carbono","url":"https:\/\/accionclimatica-alc.org\/omc\/","logo":{"@type":"ImageObject","inLanguage":"es","@id":"https:\/\/accionclimatica-alc.org\/omc\/#\/schema\/logo\/image\/","url":"https:\/\/accionclimatica-alc.org\/omc\/wp-content\/uploads\/sites\/6\/2025\/02\/logo-omc.svg","contentUrl":"https:\/\/accionclimatica-alc.org\/omc\/wp-content\/uploads\/sites\/6\/2025\/02\/logo-omc.svg","width":1627,"height":613,"caption":"Observatorio de Mercados de Carbono"},"image":{"@id":"https:\/\/accionclimatica-alc.org\/omc\/#\/schema\/logo\/image\/"}}]}},"_links":{"self":[{"href":"https:\/\/accionclimatica-alc.org\/omc\/wp-json\/wp\/v2\/pages\/1858","targetHints":{"allow":["GET"]}}],"collection":[{"href":"https:\/\/accionclimatica-alc.org\/omc\/wp-json\/wp\/v2\/pages"}],"about":[{"href":"https:\/\/accionclimatica-alc.org\/omc\/wp-json\/wp\/v2\/types\/page"}],"author":[{"embeddable":true,"href":"https:\/\/accionclimatica-alc.org\/omc\/wp-json\/wp\/v2\/users\/1"}],"replies":[{"embeddable":true,"href":"https:\/\/accionclimatica-alc.org\/omc\/wp-json\/wp\/v2\/comments?post=1858"}],"version-history":[{"count":10,"href":"https:\/\/accionclimatica-alc.org\/omc\/wp-json\/wp\/v2\/pages\/1858\/revisions"}],"predecessor-version":[{"id":2611,"href":"https:\/\/accionclimatica-alc.org\/omc\/wp-json\/wp\/v2\/pages\/1858\/revisions\/2611"}],"wp:attachment":[{"href":"https:\/\/accionclimatica-alc.org\/omc\/wp-json\/wp\/v2\/media?parent=1858"}],"curies":[{"name":"wp","href":"https:\/\/api.w.org\/{rel}","templated":true}]}}